{"id":195,"date":"2019-06-01T18:39:25","date_gmt":"2019-06-01T16:39:25","guid":{"rendered":"http:\/\/klydes-korner.site\/?page_id=195"},"modified":"2026-01-06T15:23:02","modified_gmt":"2026-01-06T14:23:02","slug":"me-contacter","status":"publish","type":"page","link":"https:\/\/klydes-korner.site\/en\/me-contacter\/","title":{"rendered":"Contact"},"content":{"rendered":"<p>Vous avez des questions \u00e0 propos de <strong>mes produits<\/strong>, des <strong>conditions de paiement<\/strong> ou <strong>de livraison<\/strong> avant de faire un achat ?<br \/>\nVous avez <strong>besoin d&rsquo;aide<\/strong> pour votre montage, vous voulez signaler un <strong>article d\u00e9fectueux<\/strong> ?<\/p>\n<p>N&rsquo;h\u00e9sitez pas \u00e0 me contacter \u00e0 l&rsquo;adresse <a href=\"mailto:klyde@klydes-korner.site\">klyde@klydes-korner.site<\/a> ou par le biais du formulaire ci-dessous.<\/p>\n<style id=\"wpforms-css-vars-5031\">\n\t\t\t\t#wpforms-5031 {\n\t\t\t\t--wpforms-field-border-color: rgba(0, 0, 0, 0.25);\n--wpforms-field-border-color-spare: rgba(0, 0, 0, 0.25);\n--wpforms-field-text-color: #000000;\n--wpforms-label-color: #ffffff;\n--wpforms-label-sublabel-color: #ffffff;\n--wpforms-container-padding: 0px;\n--wpforms-container-border-width: 1px;\n--wpforms-container-border-radius: 3px;\n--wpforms-background-color: rgba(0, 0, 0, 0);\n--wpforms-field-size-input-height: 43px;\n--wpforms-field-size-input-spacing: 15px;\n--wpforms-field-size-font-size: 16px;\n--wpforms-field-size-line-height: 19px;\n--wpforms-field-size-padding-h: 14px;\n--wpforms-field-size-checkbox-size: 16px;\n--wpforms-field-size-sublabel-spacing: 5px;\n--wpforms-field-size-icon-size: 1;\n--wpforms-label-size-font-size: 16px;\n--wpforms-label-size-line-height: 19px;\n--wpforms-label-size-sublabel-font-size: 14px;\n--wpforms-label-size-sublabel-line-height: 17px;\n--wpforms-button-size-font-size: 17px;\n--wpforms-button-size-height: 41px;\n--wpforms-button-size-padding-h: 15px;\n--wpforms-button-size-margin-top: 10px;\n--wpforms-container-shadow-size-box-shadow: none;\n\t\t\t}\n\t\t\t<\/style><div class=\"wpforms-container wpforms-container-full wpforms-render-modern\" id=\"wpforms-5031\"><form id=\"wpforms-form-5031\" class=\"wpforms-validate wpforms-form wpforms-ajax-form\" data-formid=\"5031\" method=\"post\" enctype=\"multipart\/form-data\" action=\"\/en\/wp-json\/wp\/v2\/pages\/195\" data-token=\"1dbd9aed24b864933af562188d47e4ee\" data-token-time=\"1776403510\"><noscript class=\"wpforms-error-noscript\">Please enable JavaScript in your browser to complete this form.<\/noscript><div id=\"wpforms-error-noscript\" style=\"display: none;\">Please enable JavaScript in your browser to complete this form.<\/div><div class=\"wpforms-field-container\">\t\t<div id=\"wpforms-5031-field_4-container\"\n\t\t\tclass=\"wpforms-field wpforms-field-text\"\n\t\t\tdata-field-type=\"text\"\n\t\t\tdata-field-id=\"4\"\n\t\t\t>\n\t\t\t<label class=\"wpforms-field-label\" for=\"wpforms-5031-field_4\" >Commentaire ou Nom<\/label>\n\t\t\t<input type=\"text\" id=\"wpforms-5031-field_4\" class=\"wpforms-field-medium\" name=\"wpforms[fields][4]\" >\n\t\t<\/div>\n\t\t<div id=\"wpforms-5031-field_1-container\" class=\"wpforms-field wpforms-field-name\" data-field-id=\"1\"><fieldset><legend class=\"wpforms-field-label\">Nom <span class=\"wpforms-required-label\" aria-hidden=\"true\">*<\/span><\/legend><div class=\"wpforms-field-row wpforms-field-medium\"><div class=\"wpforms-field-row-block wpforms-first wpforms-one-half\"><input type=\"text\" id=\"wpforms-5031-field_1\" class=\"wpforms-field-name-first wpforms-field-required\" name=\"wpforms[fields][1][first]\" aria-errormessage=\"wpforms-5031-field_1-error\" required><label for=\"wpforms-5031-field_1\" class=\"wpforms-field-sublabel after\">First<\/label><\/div><div class=\"wpforms-field-row-block wpforms-one-half\"><input type=\"text\" id=\"wpforms-5031-field_1-last\" class=\"wpforms-field-name-last wpforms-field-required\" name=\"wpforms[fields][1][last]\" aria-errormessage=\"wpforms-5031-field_1-last-error\" required><label for=\"wpforms-5031-field_1-last\" class=\"wpforms-field-sublabel after\">Last<\/label><\/div><\/div><\/fieldset><\/div><div id=\"wpforms-5031-field_2-container\" class=\"wpforms-field wpforms-field-email\" data-field-id=\"2\"><label class=\"wpforms-field-label\" for=\"wpforms-5031-field_2\">E-mail <span class=\"wpforms-required-label\" aria-hidden=\"true\">*<\/span><\/label><input type=\"email\" id=\"wpforms-5031-field_2\" class=\"wpforms-field-medium wpforms-field-required\" name=\"wpforms[fields][2]\" spellcheck=\"false\" aria-errormessage=\"wpforms-5031-field_2-error\" required><\/div><div id=\"wpforms-5031-field_3-container\" class=\"wpforms-field wpforms-field-textarea wp-forms-textbox\" data-field-id=\"3\"><label class=\"wpforms-field-label\" for=\"wpforms-5031-field_3\">Commentaire ou message<\/label><textarea id=\"wpforms-5031-field_3\" class=\"wpforms-field-medium\" name=\"wpforms[fields][3]\" aria-errormessage=\"wpforms-5031-field_3-error\" ><\/textarea><\/div><script>\n\t\t\t\t( function() {\n\t\t\t\t\tconst style = document.createElement( 'style' );\n\t\t\t\t\tstyle.appendChild( document.createTextNode( '#wpforms-5031-field_4-container { position: absolute !important; overflow: hidden !important; display: inline !important; height: 1px !important; width: 1px !important; z-index: -1000 !important; padding: 0 !important; } #wpforms-5031-field_4-container input { visibility: hidden; } #wpforms-conversational-form-page #wpforms-5031-field_4-container label { counter-increment: none; }' ) );\n\t\t\t\t\tdocument.head.appendChild( style );\n\t\t\t\t\tdocument.currentScript?.remove();\n\t\t\t\t} )();\n\t\t\t<\/script><\/div><!-- .wpforms-field-container --><div class=\"wpforms-submit-container\" ><input type=\"hidden\" name=\"wpforms[id]\" value=\"5031\"><input type=\"hidden\" name=\"page_title\" value=\"\"><input type=\"hidden\" name=\"page_url\" value=\"https:\/\/klydes-korner.site\/en\/wp-json\/wp\/v2\/pages\/195\"><input type=\"hidden\" name=\"url_referer\" value=\"\"><button type=\"submit\" name=\"wpforms[submit]\" id=\"wpforms-submit-5031\" class=\"wpforms-submit\" data-alt-text=\"Envoi...\" data-submit-text=\"Envoyer\" aria-live=\"assertive\" value=\"wpforms-submit\">Envoyer<\/button><img loading=\"lazy\" decoding=\"async\" src=\"https:\/\/klydes-korner.site\/wp-content\/plugins\/wpforms-lite\/assets\/images\/submit-spin.svg\" class=\"wpforms-submit-spinner\" style=\"display: none;\" width=\"26\" height=\"26\" alt=\"Loading\"><\/div><\/form><\/div>  <!-- .wpforms-container -->\n","protected":false},"excerpt":{"rendered":"<p>Vous avez des questions \u00e0 propos de mes produits, des conditions de paiement ou de livraison avant de faire un&hellip;<\/p>","protected":false},"author":1,"featured_media":0,"parent":0,"menu_order":0,"comment_status":"closed","ping_status":"closed","template":"","meta":{"footnotes":""},"class_list":["post-195","page","type-page","status-publish","hentry"],"yoast_head":"<!-- This site is optimized with the Yoast SEO plugin v27.4 - https:\/\/yoast.com\/product\/yoast-seo-wordpress\/ -->\n<title>Me contacter - Klyde&#039;s Korner<\/title>\n<meta name=\"robots\" content=\"index, follow, max-snippet:-1, max-image-preview:large, max-video-preview:-1\" \/>\n<link rel=\"canonical\" href=\"https:\/\/klydes-korner.site\/en\/me-contacter\/\" \/>\n<meta property=\"og:locale\" content=\"en_GB\" \/>\n<meta property=\"og:type\" content=\"article\" \/>\n<meta property=\"og:title\" content=\"Me contacter - Klyde&#039;s Korner\" \/>\n<meta property=\"og:description\" content=\"Vous avez des questions \u00e0 propos de mes produits, des conditions de paiement ou de livraison avant de faire un&hellip;\" \/>\n<meta property=\"og:url\" content=\"https:\/\/klydes-korner.site\/en\/me-contacter\/\" \/>\n<meta property=\"og:site_name\" content=\"Klyde&#039;s Korner\" \/>\n<meta property=\"article:modified_time\" content=\"2026-01-06T14:23:02+00:00\" \/>\n<meta name=\"twitter:card\" content=\"summary_large_image\" \/>\n<meta name=\"twitter:label1\" content=\"Estimated reading time\" \/>\n\t<meta name=\"twitter:data1\" content=\"1 minute\" \/>\n<script type=\"application\/ld+json\" class=\"yoast-schema-graph\">{\"@context\":\"https:\\\/\\\/schema.org\",\"@graph\":[{\"@type\":[\"WebPage\",\"ContactPage\"],\"@id\":\"https:\\\/\\\/klydes-korner.site\\\/me-contacter\\\/\",\"url\":\"https:\\\/\\\/klydes-korner.site\\\/me-contacter\\\/\",\"name\":\"Me contacter - Klyde&#039;s Korner\",\"isPartOf\":{\"@id\":\"https:\\\/\\\/klydes-korner.site\\\/#website\"},\"datePublished\":\"2019-06-01T16:39:25+00:00\",\"dateModified\":\"2026-01-06T14:23:02+00:00\",\"breadcrumb\":{\"@id\":\"https:\\\/\\\/klydes-korner.site\\\/me-contacter\\\/#breadcrumb\"},\"inLanguage\":\"en-GB\",\"potentialAction\":[{\"@type\":\"ReadAction\",\"target\":[\"https:\\\/\\\/klydes-korner.site\\\/me-contacter\\\/\"]}]},{\"@type\":\"BreadcrumbList\",\"@id\":\"https:\\\/\\\/klydes-korner.site\\\/me-contacter\\\/#breadcrumb\",\"itemListElement\":[{\"@type\":\"ListItem\",\"position\":1,\"name\":\"Accueil\",\"item\":\"https:\\\/\\\/klydes-korner.site\\\/\"},{\"@type\":\"ListItem\",\"position\":2,\"name\":\"Me contacter\"}]},{\"@type\":\"WebSite\",\"@id\":\"https:\\\/\\\/klydes-korner.site\\\/#website\",\"url\":\"https:\\\/\\\/klydes-korner.site\\\/\",\"name\":\"Klyde's Korner\",\"description\":\"Atari 2600, Atari 8-bit, Atari ST &amp; other vintage computer stuff\",\"publisher\":{\"@id\":\"https:\\\/\\\/klydes-korner.site\\\/#\\\/schema\\\/person\\\/50d149a0995ca51df71deb7f36dd7dcd\"},\"potentialAction\":[{\"@type\":\"SearchAction\",\"target\":{\"@type\":\"EntryPoint\",\"urlTemplate\":\"https:\\\/\\\/klydes-korner.site\\\/?s={search_term_string}\"},\"query-input\":{\"@type\":\"PropertyValueSpecification\",\"valueRequired\":true,\"valueName\":\"search_term_string\"}}],\"inLanguage\":\"en-GB\"},{\"@type\":[\"Person\",\"Organization\"],\"@id\":\"https:\\\/\\\/klydes-korner.site\\\/#\\\/schema\\\/person\\\/50d149a0995ca51df71deb7f36dd7dcd\",\"name\":\"Klyde\",\"image\":{\"@type\":\"ImageObject\",\"inLanguage\":\"en-GB\",\"@id\":\"https:\\\/\\\/klydes-korner.site\\\/wp-content\\\/uploads\\\/2025\\\/01\\\/atari-cx40-joystick-512x512-1.png\",\"url\":\"https:\\\/\\\/klydes-korner.site\\\/wp-content\\\/uploads\\\/2025\\\/01\\\/atari-cx40-joystick-512x512-1.png\",\"contentUrl\":\"https:\\\/\\\/klydes-korner.site\\\/wp-content\\\/uploads\\\/2025\\\/01\\\/atari-cx40-joystick-512x512-1.png\",\"width\":512,\"height\":512,\"caption\":\"Klyde\"},\"logo\":{\"@id\":\"https:\\\/\\\/klydes-korner.site\\\/wp-content\\\/uploads\\\/2025\\\/01\\\/atari-cx40-joystick-512x512-1.png\"}}]}<\/script>\n<!-- \/ Yoast SEO plugin. -->","yoast_head_json":{"title":"Me contacter - Klyde&#039;s Korner","robots":{"index":"index","follow":"follow","max-snippet":"max-snippet:-1","max-image-preview":"max-image-preview:large","max-video-preview":"max-video-preview:-1"},"canonical":"https:\/\/klydes-korner.site\/en\/me-contacter\/","og_locale":"en_GB","og_type":"article","og_title":"Me contacter - Klyde&#039;s Korner","og_description":"Vous avez des questions \u00e0 propos de mes produits, des conditions de paiement ou de livraison avant de faire un&hellip;","og_url":"https:\/\/klydes-korner.site\/en\/me-contacter\/","og_site_name":"Klyde&#039;s Korner","article_modified_time":"2026-01-06T14:23:02+00:00","twitter_card":"summary_large_image","twitter_misc":{"Estimated reading time":"1 minute"},"schema":{"@context":"https:\/\/schema.org","@graph":[{"@type":["WebPage","ContactPage"],"@id":"https:\/\/klydes-korner.site\/me-contacter\/","url":"https:\/\/klydes-korner.site\/me-contacter\/","name":"Me contacter - Klyde&#039;s Korner","isPartOf":{"@id":"https:\/\/klydes-korner.site\/#website"},"datePublished":"2019-06-01T16:39:25+00:00","dateModified":"2026-01-06T14:23:02+00:00","breadcrumb":{"@id":"https:\/\/klydes-korner.site\/me-contacter\/#breadcrumb"},"inLanguage":"en-GB","potentialAction":[{"@type":"ReadAction","target":["https:\/\/klydes-korner.site\/me-contacter\/"]}]},{"@type":"BreadcrumbList","@id":"https:\/\/klydes-korner.site\/me-contacter\/#breadcrumb","itemListElement":[{"@type":"ListItem","position":1,"name":"Accueil","item":"https:\/\/klydes-korner.site\/"},{"@type":"ListItem","position":2,"name":"Me contacter"}]},{"@type":"WebSite","@id":"https:\/\/klydes-korner.site\/#website","url":"https:\/\/klydes-korner.site\/","name":"Klyde's Korner","description":"Atari 2600, Atari 8-bit, Atari ST &amp; other vintage computer stuff","publisher":{"@id":"https:\/\/klydes-korner.site\/#\/schema\/person\/50d149a0995ca51df71deb7f36dd7dcd"},"potentialAction":[{"@type":"SearchAction","target":{"@type":"EntryPoint","urlTemplate":"https:\/\/klydes-korner.site\/?s={search_term_string}"},"query-input":{"@type":"PropertyValueSpecification","valueRequired":true,"valueName":"search_term_string"}}],"inLanguage":"en-GB"},{"@type":["Person","Organization"],"@id":"https:\/\/klydes-korner.site\/#\/schema\/person\/50d149a0995ca51df71deb7f36dd7dcd","name":"Klyde","image":{"@type":"ImageObject","inLanguage":"en-GB","@id":"https:\/\/klydes-korner.site\/wp-content\/uploads\/2025\/01\/atari-cx40-joystick-512x512-1.png","url":"https:\/\/klydes-korner.site\/wp-content\/uploads\/2025\/01\/atari-cx40-joystick-512x512-1.png","contentUrl":"https:\/\/klydes-korner.site\/wp-content\/uploads\/2025\/01\/atari-cx40-joystick-512x512-1.png","width":512,"height":512,"caption":"Klyde"},"logo":{"@id":"https:\/\/klydes-korner.site\/wp-content\/uploads\/2025\/01\/atari-cx40-joystick-512x512-1.png"}}]}},"_links":{"self":[{"href":"https:\/\/klydes-korner.site\/en\/wp-json\/wp\/v2\/pages\/195","targetHints":{"allow":["GET"]}}],"collection":[{"href":"https:\/\/klydes-korner.site\/en\/wp-json\/wp\/v2\/pages"}],"about":[{"href":"https:\/\/klydes-korner.site\/en\/wp-json\/wp\/v2\/types\/page"}],"author":[{"embeddable":true,"href":"https:\/\/klydes-korner.site\/en\/wp-json\/wp\/v2\/users\/1"}],"replies":[{"embeddable":true,"href":"https:\/\/klydes-korner.site\/en\/wp-json\/wp\/v2\/comments?post=195"}],"version-history":[{"count":15,"href":"https:\/\/klydes-korner.site\/en\/wp-json\/wp\/v2\/pages\/195\/revisions"}],"predecessor-version":[{"id":5036,"href":"https:\/\/klydes-korner.site\/en\/wp-json\/wp\/v2\/pages\/195\/revisions\/5036"}],"wp:attachment":[{"href":"https:\/\/klydes-korner.site\/en\/wp-json\/wp\/v2\/media?parent=195"}],"curies":[{"name":"wp","href":"https:\/\/api.w.org\/{rel}","templated":true}]}}