{"id":1449,"date":"2022-04-22T20:09:07","date_gmt":"2022-04-22T18:09:07","guid":{"rendered":"https:\/\/klydes-korner.site\/?post_type=product&#038;p=1449"},"modified":"2025-01-23T15:43:27","modified_gmt":"2025-01-23T14:43:27","slug":"cable-acsi-dma-utrasatan-dsub19-db-19","status":"publish","type":"product","link":"https:\/\/klydes-korner.site\/en\/product\/cable-acsi-dma-utrasatan-dsub19-db-19\/","title":{"rendered":"ACSI DMA UltraSatan DSub19 DB-19 cable"},"content":{"rendered":"<p class=\"translation-block\"><strong>D-Sub 19 (or DB-19 pin) male-male<\/strong> data cables have not been produced for several years and have become almost impossible to find.<\/p>\n<p class=\"translation-block\">This flat cable solution will allow you to connect your <strong>Atari ST ACSI DMA device<\/strong> (SH204, SH205, MegaFile, UltraSatan hard drive) <strong>or Apple II<\/strong> or <strong>NeXT <\/strong>at a decent price.<\/p>\n<p>The connection is straight (1-&gt;1, 19-&gt;19), its total length is approx. 14cm.<\/p>\n<p>&nbsp;<\/p>\n<p style=\"text-align: center;\"><p class=\"product woocommerce add_to_cart_inline\" style=\"border:4px solid #ccc; padding: 12px;\"><span class=\"woocommerce-Price-amount amount\"><bdi>19,00<span class=\"woocommerce-Price-currencySymbol\">\u20ac<\/span><\/bdi><\/span><a href=\"https:\/\/klydes-korner.site\/en\/product\/cable-acsi-dma-utrasatan-dsub19-db-19\/\" aria-describedby=\"woocommerce_loop_add_to_cart_link_describedby_1449\" data-quantity=\"1\" class=\"button product_type_simple\" data-product_id=\"1449\" data-product_sku=\"\" aria-label=\"Read more about \u201cC\u00e2ble ACSI DMA UltraSatan DSub19 DB-19\u201d\" rel=\"nofollow\" data-success_message=\"\" data-no-translation=\"\" data-trp-gettext=\"\" data-no-translation-aria-label=\"\">Read more<\/a>\t<span id=\"woocommerce_loop_add_to_cart_link_describedby_1449\" class=\"screen-reader-text\">\n\t\t\t<\/span>\n<\/p><\/p>","protected":false},"excerpt":{"rendered":"<p>D-Sub DB 19 pin male-male 14cm data cable for Atari, Apple, NeXT.<\/p>","protected":false},"featured_media":1450,"comment_status":"open","ping_status":"closed","template":"","meta":[],"product_brand":[],"product_cat":[37,46],"product_tag":[75,38,24,76,39,77],"class_list":{"0":"post-1449","1":"product","2":"type-product","3":"status-publish","4":"has-post-thumbnail","6":"product_cat-apple","7":"product_cat-atari-st","8":"product_tag-acsi","9":"product_tag-apple","10":"product_tag-atari-st","11":"product_tag-dma","12":"product_tag-next","13":"product_tag-ultrasatan","15":"first","16":"outofstock","17":"shipping-taxable","18":"purchasable","19":"product-type-simple"},"yoast_head":"<!-- This site is optimized with the Yoast SEO plugin v27.3 - https:\/\/yoast.com\/product\/yoast-seo-wordpress\/ -->\n<title>C\u00e2ble ACSI DMA UltraSatan DSub19 DB-19 - Klyde&#039;s Korner<\/title>\n<meta name=\"description\" content=\"{:fr}C\u00e2ble Dsub DB 19 pour connecter votre Atari ST, Apple ou NeXT \u00e0 son p\u00e9riph\u00e9rique.{:}\" \/>\n<meta name=\"robots\" content=\"index, follow, max-snippet:-1, max-image-preview:large, max-video-preview:-1\" \/>\n<link rel=\"canonical\" href=\"https:\/\/klydes-korner.site\/en\/product\/cable-acsi-dma-utrasatan-dsub19-db-19\/\" \/>\n<meta property=\"og:locale\" content=\"en_GB\" \/>\n<meta property=\"og:type\" content=\"article\" \/>\n<meta property=\"og:title\" content=\"C\u00e2ble ACSI DMA UltraSatan DSub19 DB-19 - Klyde&#039;s Korner\" \/>\n<meta property=\"og:description\" content=\"{:fr}C\u00e2ble Dsub DB 19 pour connecter votre Atari ST, Apple ou NeXT \u00e0 son p\u00e9riph\u00e9rique.{:}\" \/>\n<meta property=\"og:url\" content=\"https:\/\/klydes-korner.site\/en\/product\/cable-acsi-dma-utrasatan-dsub19-db-19\/\" \/>\n<meta property=\"og:site_name\" content=\"Klyde&#039;s Korner\" \/>\n<meta property=\"article:modified_time\" content=\"2025-01-23T14:43:27+00:00\" \/>\n<meta property=\"og:image\" content=\"https:\/\/klydes-korner.site\/wp-content\/uploads\/2022\/04\/DB-19-replacement.jpg\" \/>\n\t<meta property=\"og:image:width\" content=\"1461\" \/>\n\t<meta property=\"og:image:height\" content=\"739\" \/>\n\t<meta property=\"og:image:type\" content=\"image\/jpeg\" \/>\n<meta name=\"twitter:card\" content=\"summary_large_image\" \/>\n<meta name=\"twitter:label1\" content=\"Estimated reading time\" \/>\n\t<meta name=\"twitter:data1\" content=\"1 minute\" \/>\n<script type=\"application\/ld+json\" class=\"yoast-schema-graph\">{\"@context\":\"https:\\\/\\\/schema.org\",\"@graph\":[{\"@type\":\"WebPage\",\"@id\":\"https:\\\/\\\/klydes-korner.site\\\/produit\\\/cable-acsi-dma-utrasatan-dsub19-db-19\\\/\",\"url\":\"https:\\\/\\\/klydes-korner.site\\\/produit\\\/cable-acsi-dma-utrasatan-dsub19-db-19\\\/\",\"name\":\"C\u00e2ble ACSI DMA UltraSatan DSub19 DB-19 - Klyde&#039;s Korner\",\"isPartOf\":{\"@id\":\"https:\\\/\\\/klydes-korner.site\\\/#website\"},\"primaryImageOfPage\":{\"@id\":\"https:\\\/\\\/klydes-korner.site\\\/produit\\\/cable-acsi-dma-utrasatan-dsub19-db-19\\\/#primaryimage\"},\"image\":{\"@id\":\"https:\\\/\\\/klydes-korner.site\\\/produit\\\/cable-acsi-dma-utrasatan-dsub19-db-19\\\/#primaryimage\"},\"thumbnailUrl\":\"https:\\\/\\\/klydes-korner.site\\\/wp-content\\\/uploads\\\/2022\\\/04\\\/DB-19-replacement.jpg\",\"datePublished\":\"2022-04-22T18:09:07+00:00\",\"dateModified\":\"2025-01-23T14:43:27+00:00\",\"description\":\"{:fr}C\u00e2ble Dsub DB 19 pour connecter votre Atari ST, Apple ou NeXT \u00e0 son p\u00e9riph\u00e9rique.{:}\",\"breadcrumb\":{\"@id\":\"https:\\\/\\\/klydes-korner.site\\\/produit\\\/cable-acsi-dma-utrasatan-dsub19-db-19\\\/#breadcrumb\"},\"inLanguage\":\"en-GB\",\"potentialAction\":[{\"@type\":\"ReadAction\",\"target\":[\"https:\\\/\\\/klydes-korner.site\\\/produit\\\/cable-acsi-dma-utrasatan-dsub19-db-19\\\/\"]}]},{\"@type\":\"ImageObject\",\"inLanguage\":\"en-GB\",\"@id\":\"https:\\\/\\\/klydes-korner.site\\\/produit\\\/cable-acsi-dma-utrasatan-dsub19-db-19\\\/#primaryimage\",\"url\":\"https:\\\/\\\/klydes-korner.site\\\/wp-content\\\/uploads\\\/2022\\\/04\\\/DB-19-replacement.jpg\",\"contentUrl\":\"https:\\\/\\\/klydes-korner.site\\\/wp-content\\\/uploads\\\/2022\\\/04\\\/DB-19-replacement.jpg\",\"width\":1461,\"height\":739,\"caption\":\"Cable ACSI DMA DB-19\"},{\"@type\":\"BreadcrumbList\",\"@id\":\"https:\\\/\\\/klydes-korner.site\\\/produit\\\/cable-acsi-dma-utrasatan-dsub19-db-19\\\/#breadcrumb\",\"itemListElement\":[{\"@type\":\"ListItem\",\"position\":1,\"name\":\"Accueil\",\"item\":\"https:\\\/\\\/klydes-korner.site\\\/\"},{\"@type\":\"ListItem\",\"position\":2,\"name\":\"Accessoires pour ordinateurs 8 et 16-bit\",\"item\":\"https:\\\/\\\/klydes-korner.site\\\/\"},{\"@type\":\"ListItem\",\"position\":3,\"name\":\"C\u00e2ble ACSI DMA UltraSatan DSub19 DB-19\"}]},{\"@type\":\"WebSite\",\"@id\":\"https:\\\/\\\/klydes-korner.site\\\/#website\",\"url\":\"https:\\\/\\\/klydes-korner.site\\\/\",\"name\":\"Klyde's Korner\",\"description\":\"Atari 2600, Atari 8-bit, Atari ST &amp; other vintage computer stuff\",\"publisher\":{\"@id\":\"https:\\\/\\\/klydes-korner.site\\\/#\\\/schema\\\/person\\\/50d149a0995ca51df71deb7f36dd7dcd\"},\"potentialAction\":[{\"@type\":\"SearchAction\",\"target\":{\"@type\":\"EntryPoint\",\"urlTemplate\":\"https:\\\/\\\/klydes-korner.site\\\/?s={search_term_string}\"},\"query-input\":{\"@type\":\"PropertyValueSpecification\",\"valueRequired\":true,\"valueName\":\"search_term_string\"}}],\"inLanguage\":\"en-GB\"},{\"@type\":[\"Person\",\"Organization\"],\"@id\":\"https:\\\/\\\/klydes-korner.site\\\/#\\\/schema\\\/person\\\/50d149a0995ca51df71deb7f36dd7dcd\",\"name\":\"Klyde\",\"image\":{\"@type\":\"ImageObject\",\"inLanguage\":\"en-GB\",\"@id\":\"https:\\\/\\\/klydes-korner.site\\\/wp-content\\\/uploads\\\/2025\\\/01\\\/atari-cx40-joystick-512x512-1.png\",\"url\":\"https:\\\/\\\/klydes-korner.site\\\/wp-content\\\/uploads\\\/2025\\\/01\\\/atari-cx40-joystick-512x512-1.png\",\"contentUrl\":\"https:\\\/\\\/klydes-korner.site\\\/wp-content\\\/uploads\\\/2025\\\/01\\\/atari-cx40-joystick-512x512-1.png\",\"width\":512,\"height\":512,\"caption\":\"Klyde\"},\"logo\":{\"@id\":\"https:\\\/\\\/klydes-korner.site\\\/wp-content\\\/uploads\\\/2025\\\/01\\\/atari-cx40-joystick-512x512-1.png\"}}]}<\/script>\n<!-- \/ Yoast SEO plugin. -->","yoast_head_json":{"title":"C\u00e2ble ACSI DMA UltraSatan DSub19 DB-19 - Klyde&#039;s Korner","description":"{:fr}C\u00e2ble Dsub DB 19 pour connecter votre Atari ST, Apple ou NeXT \u00e0 son p\u00e9riph\u00e9rique.{:}","robots":{"index":"index","follow":"follow","max-snippet":"max-snippet:-1","max-image-preview":"max-image-preview:large","max-video-preview":"max-video-preview:-1"},"canonical":"https:\/\/klydes-korner.site\/en\/product\/cable-acsi-dma-utrasatan-dsub19-db-19\/","og_locale":"en_GB","og_type":"article","og_title":"C\u00e2ble ACSI DMA UltraSatan DSub19 DB-19 - Klyde&#039;s Korner","og_description":"{:fr}C\u00e2ble Dsub DB 19 pour connecter votre Atari ST, Apple ou NeXT \u00e0 son p\u00e9riph\u00e9rique.{:}","og_url":"https:\/\/klydes-korner.site\/en\/product\/cable-acsi-dma-utrasatan-dsub19-db-19\/","og_site_name":"Klyde&#039;s Korner","article_modified_time":"2025-01-23T14:43:27+00:00","og_image":[{"width":1461,"height":739,"url":"https:\/\/klydes-korner.site\/wp-content\/uploads\/2022\/04\/DB-19-replacement.jpg","type":"image\/jpeg"}],"twitter_card":"summary_large_image","twitter_misc":{"Estimated reading time":"1 minute"},"schema":{"@context":"https:\/\/schema.org","@graph":[{"@type":"WebPage","@id":"https:\/\/klydes-korner.site\/produit\/cable-acsi-dma-utrasatan-dsub19-db-19\/","url":"https:\/\/klydes-korner.site\/produit\/cable-acsi-dma-utrasatan-dsub19-db-19\/","name":"C\u00e2ble ACSI DMA UltraSatan DSub19 DB-19 - Klyde&#039;s Korner","isPartOf":{"@id":"https:\/\/klydes-korner.site\/#website"},"primaryImageOfPage":{"@id":"https:\/\/klydes-korner.site\/produit\/cable-acsi-dma-utrasatan-dsub19-db-19\/#primaryimage"},"image":{"@id":"https:\/\/klydes-korner.site\/produit\/cable-acsi-dma-utrasatan-dsub19-db-19\/#primaryimage"},"thumbnailUrl":"https:\/\/klydes-korner.site\/wp-content\/uploads\/2022\/04\/DB-19-replacement.jpg","datePublished":"2022-04-22T18:09:07+00:00","dateModified":"2025-01-23T14:43:27+00:00","description":"{:fr}C\u00e2ble Dsub DB 19 pour connecter votre Atari ST, Apple ou NeXT \u00e0 son p\u00e9riph\u00e9rique.{:}","breadcrumb":{"@id":"https:\/\/klydes-korner.site\/produit\/cable-acsi-dma-utrasatan-dsub19-db-19\/#breadcrumb"},"inLanguage":"en-GB","potentialAction":[{"@type":"ReadAction","target":["https:\/\/klydes-korner.site\/produit\/cable-acsi-dma-utrasatan-dsub19-db-19\/"]}]},{"@type":"ImageObject","inLanguage":"en-GB","@id":"https:\/\/klydes-korner.site\/produit\/cable-acsi-dma-utrasatan-dsub19-db-19\/#primaryimage","url":"https:\/\/klydes-korner.site\/wp-content\/uploads\/2022\/04\/DB-19-replacement.jpg","contentUrl":"https:\/\/klydes-korner.site\/wp-content\/uploads\/2022\/04\/DB-19-replacement.jpg","width":1461,"height":739,"caption":"Cable ACSI DMA DB-19"},{"@type":"BreadcrumbList","@id":"https:\/\/klydes-korner.site\/produit\/cable-acsi-dma-utrasatan-dsub19-db-19\/#breadcrumb","itemListElement":[{"@type":"ListItem","position":1,"name":"Accueil","item":"https:\/\/klydes-korner.site\/"},{"@type":"ListItem","position":2,"name":"Accessoires pour ordinateurs 8 et 16-bit","item":"https:\/\/klydes-korner.site\/"},{"@type":"ListItem","position":3,"name":"C\u00e2ble ACSI DMA UltraSatan DSub19 DB-19"}]},{"@type":"WebSite","@id":"https:\/\/klydes-korner.site\/#website","url":"https:\/\/klydes-korner.site\/","name":"Klyde's Korner","description":"Atari 2600, Atari 8-bit, Atari ST &amp; other vintage computer stuff","publisher":{"@id":"https:\/\/klydes-korner.site\/#\/schema\/person\/50d149a0995ca51df71deb7f36dd7dcd"},"potentialAction":[{"@type":"SearchAction","target":{"@type":"EntryPoint","urlTemplate":"https:\/\/klydes-korner.site\/?s={search_term_string}"},"query-input":{"@type":"PropertyValueSpecification","valueRequired":true,"valueName":"search_term_string"}}],"inLanguage":"en-GB"},{"@type":["Person","Organization"],"@id":"https:\/\/klydes-korner.site\/#\/schema\/person\/50d149a0995ca51df71deb7f36dd7dcd","name":"Klyde","image":{"@type":"ImageObject","inLanguage":"en-GB","@id":"https:\/\/klydes-korner.site\/wp-content\/uploads\/2025\/01\/atari-cx40-joystick-512x512-1.png","url":"https:\/\/klydes-korner.site\/wp-content\/uploads\/2025\/01\/atari-cx40-joystick-512x512-1.png","contentUrl":"https:\/\/klydes-korner.site\/wp-content\/uploads\/2025\/01\/atari-cx40-joystick-512x512-1.png","width":512,"height":512,"caption":"Klyde"},"logo":{"@id":"https:\/\/klydes-korner.site\/wp-content\/uploads\/2025\/01\/atari-cx40-joystick-512x512-1.png"}}]}},"_links":{"self":[{"href":"https:\/\/klydes-korner.site\/en\/wp-json\/wp\/v2\/product\/1449","targetHints":{"allow":["GET"]}}],"collection":[{"href":"https:\/\/klydes-korner.site\/en\/wp-json\/wp\/v2\/product"}],"about":[{"href":"https:\/\/klydes-korner.site\/en\/wp-json\/wp\/v2\/types\/product"}],"replies":[{"embeddable":true,"href":"https:\/\/klydes-korner.site\/en\/wp-json\/wp\/v2\/comments?post=1449"}],"wp:featuredmedia":[{"embeddable":true,"href":"https:\/\/klydes-korner.site\/en\/wp-json\/wp\/v2\/media\/1450"}],"wp:attachment":[{"href":"https:\/\/klydes-korner.site\/en\/wp-json\/wp\/v2\/media?parent=1449"}],"wp:term":[{"taxonomy":"product_brand","embeddable":true,"href":"https:\/\/klydes-korner.site\/en\/wp-json\/wp\/v2\/product_brand?post=1449"},{"taxonomy":"product_cat","embeddable":true,"href":"https:\/\/klydes-korner.site\/en\/wp-json\/wp\/v2\/product_cat?post=1449"},{"taxonomy":"product_tag","embeddable":true,"href":"https:\/\/klydes-korner.site\/en\/wp-json\/wp\/v2\/product_tag?post=1449"}],"curies":[{"name":"wp","href":"https:\/\/api.w.org\/{rel}","templated":true}]}}