{"id":149,"date":"2023-09-04T16:51:46","date_gmt":"2023-09-04T14:51:46","guid":{"rendered":"http:\/\/klydes-korner.site\/?post_type=product&#038;p=149"},"modified":"2026-02-26T18:56:14","modified_gmt":"2026-02-26T17:56:14","slug":"convertisseur-video-rgb-atari-2600-secam-kit","status":"publish","type":"product","link":"https:\/\/klydes-korner.site\/en\/product\/convertisseur-video-rgb-atari-2600-secam-kit\/","title":{"rendered":"Atari 2600 SECAM RGB video converter kit"},"content":{"rendered":"<p style=\"text-align: center;\"><span style=\"color: #ff0000;\">Le convertisseur vid\u00e9o pour Atari 2600 SECAM vient sous forme d&rsquo;un projet \u00e9lectronique en kit \u00e0 monter soi-m\u00eame. Des connaissances en soudure de composant \u00e9lectroniques sont requises pour mener ce projet \u00e0 bien. Bien qu&rsquo;assez simple, ce projet est <strong>d\u00e9conseill\u00e9 aux d\u00e9butants en \u00e9lectronique<\/strong>, car il n\u00e9cessite de faire des soudures d\u00e9licates sur la carte \u00e9lectronique de la console Atari 2600.<\/span><br \/>\nSi vous pr\u00e9f\u00e9rez la version avec les composants d\u00e9j\u00e0 soud\u00e9s, voyez la <a href=\"https:\/\/klydes-korner.site\/produit\/convertisseur-video-rgb-atari-2600-secam\/\">Version mont\u00e9e<\/a>.<\/p>\n<p>Il y a quelques ann\u00e9es, <strong>Eddy Foucault<\/strong> a invent\u00e9 un convertisseur vid\u00e9o pour <strong>Atari 2600 version SECAM<\/strong>, qui ajoute une sortie vid\u00e9o RGB avec une prise P\u00e9ritel \u00e0 la console. Cet adaptateur vid\u00e9o vous permet de <strong>connecter votre console Atari 2600 sur une TV moderne<\/strong> (TV \u00e0 \u00e9cran plat LCD ou vid\u00e9oprojecteur r\u00e9cent). Si votre TV ou projecteur n&rsquo;a pas de prise P\u00e9ritel mais uniquement HDMI, vous devrez vous munir d&rsquo;un convertisseur P\u00e9ritel \/ HDMI.<\/p>\n<p>Vous trouverez son projet tr\u00e8s bien document\u00e9 <a href=\"http:\/\/eddystoys.blogspot.com\/2014\/08\/atari-2600.html\" target=\"_blank\" rel=\"noopener\">sur son blog<\/a>, que je vous recommande.<\/p>\n<p>Avec son autorisation, j&rsquo;ai fait fabriquer le PCB qu&rsquo;il avait con\u00e7u. Merci Monsieur Eddy !<\/p>\n<hr \/>\n<p><strong><span style=\"color: #ff0000;\">Avertissement<\/span> :<\/strong> Ce convertisseur vid\u00e9o fonctionne pour les versions <strong>Atari 2600 SECAM<\/strong>, mais aussi <strong>PAL<\/strong> et potentiellement <strong>NTSC<\/strong>. Mais en utilisant ce mod sur une console PAL, telle que l&rsquo;<strong>Atari 2600 junior<\/strong>, vous n&rsquo;obtiendrez <strong>que les 8 couleurs SECAM<\/strong>. En effet, les Atari 2600 SECAM ne peuvent afficher que 8 couleurs, contre 104 pour les versions PAL et 128 pour les versions NTSC, d&rsquo;o\u00f9 des couleurs \u00ab\u00a0fluo\u00a0\u00bb avec la version SECAM. Pour plus d&rsquo;infos, voir ici : <a href=\"https:\/\/mechafatnick.co.uk\/2017\/09\/22\/the-secam-2600-was-a-thing-of-maligned-beauty\/\">https:\/\/mechafatnick.co.uk\/2017\/09\/22\/the-secam-2600-was-a-thing-of-maligned-beauty\/<\/a> ou ici :\u00a0 <a href=\"http:\/\/spiceware.org\/atari_ntsc_pal_secam.html\">http:\/\/spiceware.org\/atari_ntsc_pal_secam.html<\/a><\/p>\n<hr \/>\n<p>Le PCB et tous les composants n\u00e9cessaires pour le monter sont fournis. Vous devrez aussi souder des fils entre le convertisseur et la carte m\u00e8re de votre console Atari 2600. <span style=\"color: #ff0000;\">Cette op\u00e9ration est d\u00e9licate<\/span> et d\u00e9conseill\u00e9e aux d\u00e9butants en \u00e9lectronique (la premi\u00e8re Atari 2600 sur laquelle je l\u2019ai tent\u00e9 s\u2019en souvient encore).<\/p>\n<p>Vous aurez \u00e9galement besoin d&rsquo;un c\u00e2ble et d&rsquo;une prise P\u00e9ritel pour ce montage (non fournis).<\/p>\n<p>La notice de montage est fournie apr\u00e8s achat.<\/p>\n<p style=\"text-align: center;\"><p class=\"product woocommerce add_to_cart_inline \" style=\"border:4px solid #ccc; padding: 12px;\"><span class=\"woocommerce-Price-amount amount\"><bdi>12,00<span class=\"woocommerce-Price-currencySymbol\">&euro;<\/span><\/bdi><\/span><a href=\"\/en\/wp-json\/wp\/v2\/product\/149?add-to-cart=149\" aria-describedby=\"woocommerce_loop_add_to_cart_link_describedby_149\" data-quantity=\"1\" class=\"button product_type_simple add_to_cart_button ajax_add_to_cart\" data-product_id=\"149\" data-product_sku=\"\" aria-label=\"Add to cart: \u201cConvertisseur vid\u00e9o RGB Atari 2600 SECAM en kit\u201d\" rel=\"nofollow\" data-success_message=\"&ldquo;Convertisseur vid\u00e9o RGB Atari 2600 SECAM en kit&rdquo; has been added to your cart\" role=\"button\">Add to cart<\/a>\t<span id=\"woocommerce_loop_add_to_cart_link_describedby_149\" class=\"screen-reader-text\">\n\t\t\t<\/span>\n<\/p><\/p>\n<p>Vid\u00e9os du montage du PCB par <a href=\"https:\/\/cabridiy.fr\">CabriDIY<\/a><\/p>\n<p><iframe loading=\"lazy\" title=\"[Atari 2600] Construction du kit RGB pour Atari 2600\" width=\"688\" height=\"387\" src=\"https:\/\/www.youtube.com\/embed\/S6Wm6l0JoSQ?feature=oembed\" frameborder=\"0\" allow=\"accelerometer; autoplay; clipboard-write; encrypted-media; gyroscope; picture-in-picture; web-share\" referrerpolicy=\"strict-origin-when-cross-origin\" allowfullscreen><\/iframe><\/p>\n<p><iframe loading=\"lazy\" title=\"[Atari 2600] Installation d&#039;un mod RGB sur une Atari 2600 (prise p\u00e9ritel)\" width=\"688\" height=\"387\" src=\"https:\/\/www.youtube.com\/embed\/MnF89gb17LY?feature=oembed\" frameborder=\"0\" allow=\"accelerometer; autoplay; clipboard-write; encrypted-media; gyroscope; picture-in-picture; web-share\" referrerpolicy=\"strict-origin-when-cross-origin\" allowfullscreen><\/iframe><\/p>\n","protected":false},"excerpt":{"rendered":"<p>This video converter kit for the Atari 2600 SECAM version adds an RGB video output through a SCART socket to the console, to play the Atari 2600 on a modern TV set.<\/p>","protected":false},"featured_media":286,"comment_status":"open","ping_status":"closed","template":"","meta":[],"product_brand":[],"product_cat":[19],"product_tag":[23,22],"class_list":{"0":"post-149","1":"product","2":"type-product","3":"status-publish","4":"has-post-thumbnail","6":"product_cat-atari-2600","7":"product_tag-23","8":"product_tag-atari","10":"first","11":"instock","12":"shipping-taxable","13":"purchasable","14":"product-type-simple"},"yoast_head":"<!-- This site is optimized with the Yoast SEO plugin v27.3 - https:\/\/yoast.com\/product\/yoast-seo-wordpress\/ -->\n<title>Convertisseur vid\u00e9o RGB Atari 2600 SECAM en kit - Klyde&#039;s Korner<\/title>\n<meta name=\"robots\" content=\"index, follow, max-snippet:-1, max-image-preview:large, max-video-preview:-1\" \/>\n<link rel=\"canonical\" href=\"https:\/\/klydes-korner.site\/en\/product\/convertisseur-video-rgb-atari-2600-secam-kit\/\" \/>\n<meta property=\"og:locale\" content=\"en_GB\" \/>\n<meta property=\"og:type\" content=\"article\" \/>\n<meta property=\"og:title\" content=\"Convertisseur vid\u00e9o RGB Atari 2600 SECAM en kit - Klyde&#039;s Korner\" \/>\n<meta property=\"og:description\" content=\"Ce convertisseur vid\u00e9o en kit pour Atari 2600 version SECAM ajoute une sortie vid\u00e9o RGB avec prise p\u00e9ritel \u00e0 la console pour jouer \u00e0 l&#039;Atari 2600 sur une TV r\u00e9cente.\" \/>\n<meta property=\"og:url\" content=\"https:\/\/klydes-korner.site\/en\/product\/convertisseur-video-rgb-atari-2600-secam-kit\/\" \/>\n<meta property=\"og:site_name\" content=\"Klyde&#039;s Korner\" \/>\n<meta property=\"article:modified_time\" content=\"2026-02-26T17:56:14+00:00\" \/>\n<meta property=\"og:image\" content=\"https:\/\/klydes-korner.site\/wp-content\/uploads\/2019\/06\/A2600-kit.jpg\" \/>\n\t<meta property=\"og:image:width\" content=\"1032\" \/>\n\t<meta property=\"og:image:height\" content=\"774\" \/>\n\t<meta property=\"og:image:type\" content=\"image\/jpeg\" \/>\n<meta name=\"twitter:card\" content=\"summary_large_image\" \/>\n<meta name=\"twitter:label1\" content=\"Estimated reading time\" \/>\n\t<meta name=\"twitter:data1\" content=\"2 minutes\" \/>\n<script type=\"application\/ld+json\" class=\"yoast-schema-graph\">{\"@context\":\"https:\\\/\\\/schema.org\",\"@graph\":[{\"@type\":\"WebPage\",\"@id\":\"https:\\\/\\\/klydes-korner.site\\\/produit\\\/convertisseur-video-rgb-atari-2600-secam-kit\\\/\",\"url\":\"https:\\\/\\\/klydes-korner.site\\\/produit\\\/convertisseur-video-rgb-atari-2600-secam-kit\\\/\",\"name\":\"Convertisseur vid\u00e9o RGB Atari 2600 SECAM en kit - Klyde&#039;s Korner\",\"isPartOf\":{\"@id\":\"https:\\\/\\\/klydes-korner.site\\\/#website\"},\"primaryImageOfPage\":{\"@id\":\"https:\\\/\\\/klydes-korner.site\\\/produit\\\/convertisseur-video-rgb-atari-2600-secam-kit\\\/#primaryimage\"},\"image\":{\"@id\":\"https:\\\/\\\/klydes-korner.site\\\/produit\\\/convertisseur-video-rgb-atari-2600-secam-kit\\\/#primaryimage\"},\"thumbnailUrl\":\"https:\\\/\\\/klydes-korner.site\\\/wp-content\\\/uploads\\\/2019\\\/06\\\/A2600-kit.jpg\",\"datePublished\":\"2023-09-04T14:51:46+00:00\",\"dateModified\":\"2026-02-26T17:56:14+00:00\",\"breadcrumb\":{\"@id\":\"https:\\\/\\\/klydes-korner.site\\\/produit\\\/convertisseur-video-rgb-atari-2600-secam-kit\\\/#breadcrumb\"},\"inLanguage\":\"en-GB\",\"potentialAction\":[{\"@type\":\"ReadAction\",\"target\":[\"https:\\\/\\\/klydes-korner.site\\\/produit\\\/convertisseur-video-rgb-atari-2600-secam-kit\\\/\"]}]},{\"@type\":\"ImageObject\",\"inLanguage\":\"en-GB\",\"@id\":\"https:\\\/\\\/klydes-korner.site\\\/produit\\\/convertisseur-video-rgb-atari-2600-secam-kit\\\/#primaryimage\",\"url\":\"https:\\\/\\\/klydes-korner.site\\\/wp-content\\\/uploads\\\/2019\\\/06\\\/A2600-kit.jpg\",\"contentUrl\":\"https:\\\/\\\/klydes-korner.site\\\/wp-content\\\/uploads\\\/2019\\\/06\\\/A2600-kit.jpg\",\"width\":1032,\"height\":774,\"caption\":\"PCB Atari 2600 SECAM en kit\"},{\"@type\":\"BreadcrumbList\",\"@id\":\"https:\\\/\\\/klydes-korner.site\\\/produit\\\/convertisseur-video-rgb-atari-2600-secam-kit\\\/#breadcrumb\",\"itemListElement\":[{\"@type\":\"ListItem\",\"position\":1,\"name\":\"Accueil\",\"item\":\"https:\\\/\\\/klydes-korner.site\\\/\"},{\"@type\":\"ListItem\",\"position\":2,\"name\":\"Accessoires pour ordinateurs 8 et 16-bit\",\"item\":\"https:\\\/\\\/klydes-korner.site\\\/\"},{\"@type\":\"ListItem\",\"position\":3,\"name\":\"Convertisseur vid\u00e9o RGB Atari 2600 SECAM en kit\"}]},{\"@type\":\"WebSite\",\"@id\":\"https:\\\/\\\/klydes-korner.site\\\/#website\",\"url\":\"https:\\\/\\\/klydes-korner.site\\\/\",\"name\":\"Klyde's Korner\",\"description\":\"Atari 2600, Atari 8-bit, Atari ST &amp; other vintage computer stuff\",\"publisher\":{\"@id\":\"https:\\\/\\\/klydes-korner.site\\\/#\\\/schema\\\/person\\\/50d149a0995ca51df71deb7f36dd7dcd\"},\"potentialAction\":[{\"@type\":\"SearchAction\",\"target\":{\"@type\":\"EntryPoint\",\"urlTemplate\":\"https:\\\/\\\/klydes-korner.site\\\/?s={search_term_string}\"},\"query-input\":{\"@type\":\"PropertyValueSpecification\",\"valueRequired\":true,\"valueName\":\"search_term_string\"}}],\"inLanguage\":\"en-GB\"},{\"@type\":[\"Person\",\"Organization\"],\"@id\":\"https:\\\/\\\/klydes-korner.site\\\/#\\\/schema\\\/person\\\/50d149a0995ca51df71deb7f36dd7dcd\",\"name\":\"Klyde\",\"image\":{\"@type\":\"ImageObject\",\"inLanguage\":\"en-GB\",\"@id\":\"https:\\\/\\\/klydes-korner.site\\\/wp-content\\\/uploads\\\/2025\\\/01\\\/atari-cx40-joystick-512x512-1.png\",\"url\":\"https:\\\/\\\/klydes-korner.site\\\/wp-content\\\/uploads\\\/2025\\\/01\\\/atari-cx40-joystick-512x512-1.png\",\"contentUrl\":\"https:\\\/\\\/klydes-korner.site\\\/wp-content\\\/uploads\\\/2025\\\/01\\\/atari-cx40-joystick-512x512-1.png\",\"width\":512,\"height\":512,\"caption\":\"Klyde\"},\"logo\":{\"@id\":\"https:\\\/\\\/klydes-korner.site\\\/wp-content\\\/uploads\\\/2025\\\/01\\\/atari-cx40-joystick-512x512-1.png\"}}]}<\/script>\n<!-- \/ Yoast SEO plugin. -->","yoast_head_json":{"title":"Convertisseur vid\u00e9o RGB Atari 2600 SECAM en kit - Klyde&#039;s Korner","robots":{"index":"index","follow":"follow","max-snippet":"max-snippet:-1","max-image-preview":"max-image-preview:large","max-video-preview":"max-video-preview:-1"},"canonical":"https:\/\/klydes-korner.site\/en\/product\/convertisseur-video-rgb-atari-2600-secam-kit\/","og_locale":"en_GB","og_type":"article","og_title":"Convertisseur vid\u00e9o RGB Atari 2600 SECAM en kit - Klyde&#039;s Korner","og_description":"Ce convertisseur vid\u00e9o en kit pour Atari 2600 version SECAM ajoute une sortie vid\u00e9o RGB avec prise p\u00e9ritel \u00e0 la console pour jouer \u00e0 l'Atari 2600 sur une TV r\u00e9cente.","og_url":"https:\/\/klydes-korner.site\/en\/product\/convertisseur-video-rgb-atari-2600-secam-kit\/","og_site_name":"Klyde&#039;s Korner","article_modified_time":"2026-02-26T17:56:14+00:00","og_image":[{"width":1032,"height":774,"url":"https:\/\/klydes-korner.site\/wp-content\/uploads\/2019\/06\/A2600-kit.jpg","type":"image\/jpeg"}],"twitter_card":"summary_large_image","twitter_misc":{"Estimated reading time":"2 minutes"},"schema":{"@context":"https:\/\/schema.org","@graph":[{"@type":"WebPage","@id":"https:\/\/klydes-korner.site\/produit\/convertisseur-video-rgb-atari-2600-secam-kit\/","url":"https:\/\/klydes-korner.site\/produit\/convertisseur-video-rgb-atari-2600-secam-kit\/","name":"Convertisseur vid\u00e9o RGB Atari 2600 SECAM en kit - Klyde&#039;s Korner","isPartOf":{"@id":"https:\/\/klydes-korner.site\/#website"},"primaryImageOfPage":{"@id":"https:\/\/klydes-korner.site\/produit\/convertisseur-video-rgb-atari-2600-secam-kit\/#primaryimage"},"image":{"@id":"https:\/\/klydes-korner.site\/produit\/convertisseur-video-rgb-atari-2600-secam-kit\/#primaryimage"},"thumbnailUrl":"https:\/\/klydes-korner.site\/wp-content\/uploads\/2019\/06\/A2600-kit.jpg","datePublished":"2023-09-04T14:51:46+00:00","dateModified":"2026-02-26T17:56:14+00:00","breadcrumb":{"@id":"https:\/\/klydes-korner.site\/produit\/convertisseur-video-rgb-atari-2600-secam-kit\/#breadcrumb"},"inLanguage":"en-GB","potentialAction":[{"@type":"ReadAction","target":["https:\/\/klydes-korner.site\/produit\/convertisseur-video-rgb-atari-2600-secam-kit\/"]}]},{"@type":"ImageObject","inLanguage":"en-GB","@id":"https:\/\/klydes-korner.site\/produit\/convertisseur-video-rgb-atari-2600-secam-kit\/#primaryimage","url":"https:\/\/klydes-korner.site\/wp-content\/uploads\/2019\/06\/A2600-kit.jpg","contentUrl":"https:\/\/klydes-korner.site\/wp-content\/uploads\/2019\/06\/A2600-kit.jpg","width":1032,"height":774,"caption":"PCB Atari 2600 SECAM en kit"},{"@type":"BreadcrumbList","@id":"https:\/\/klydes-korner.site\/produit\/convertisseur-video-rgb-atari-2600-secam-kit\/#breadcrumb","itemListElement":[{"@type":"ListItem","position":1,"name":"Accueil","item":"https:\/\/klydes-korner.site\/"},{"@type":"ListItem","position":2,"name":"Accessoires pour ordinateurs 8 et 16-bit","item":"https:\/\/klydes-korner.site\/"},{"@type":"ListItem","position":3,"name":"Convertisseur vid\u00e9o RGB Atari 2600 SECAM en kit"}]},{"@type":"WebSite","@id":"https:\/\/klydes-korner.site\/#website","url":"https:\/\/klydes-korner.site\/","name":"Klyde's Korner","description":"Atari 2600, Atari 8-bit, Atari ST &amp; other vintage computer stuff","publisher":{"@id":"https:\/\/klydes-korner.site\/#\/schema\/person\/50d149a0995ca51df71deb7f36dd7dcd"},"potentialAction":[{"@type":"SearchAction","target":{"@type":"EntryPoint","urlTemplate":"https:\/\/klydes-korner.site\/?s={search_term_string}"},"query-input":{"@type":"PropertyValueSpecification","valueRequired":true,"valueName":"search_term_string"}}],"inLanguage":"en-GB"},{"@type":["Person","Organization"],"@id":"https:\/\/klydes-korner.site\/#\/schema\/person\/50d149a0995ca51df71deb7f36dd7dcd","name":"Klyde","image":{"@type":"ImageObject","inLanguage":"en-GB","@id":"https:\/\/klydes-korner.site\/wp-content\/uploads\/2025\/01\/atari-cx40-joystick-512x512-1.png","url":"https:\/\/klydes-korner.site\/wp-content\/uploads\/2025\/01\/atari-cx40-joystick-512x512-1.png","contentUrl":"https:\/\/klydes-korner.site\/wp-content\/uploads\/2025\/01\/atari-cx40-joystick-512x512-1.png","width":512,"height":512,"caption":"Klyde"},"logo":{"@id":"https:\/\/klydes-korner.site\/wp-content\/uploads\/2025\/01\/atari-cx40-joystick-512x512-1.png"}}]}},"_links":{"self":[{"href":"https:\/\/klydes-korner.site\/en\/wp-json\/wp\/v2\/product\/149","targetHints":{"allow":["GET"]}}],"collection":[{"href":"https:\/\/klydes-korner.site\/en\/wp-json\/wp\/v2\/product"}],"about":[{"href":"https:\/\/klydes-korner.site\/en\/wp-json\/wp\/v2\/types\/product"}],"replies":[{"embeddable":true,"href":"https:\/\/klydes-korner.site\/en\/wp-json\/wp\/v2\/comments?post=149"}],"wp:featuredmedia":[{"embeddable":true,"href":"https:\/\/klydes-korner.site\/en\/wp-json\/wp\/v2\/media\/286"}],"wp:attachment":[{"href":"https:\/\/klydes-korner.site\/en\/wp-json\/wp\/v2\/media?parent=149"}],"wp:term":[{"taxonomy":"product_brand","embeddable":true,"href":"https:\/\/klydes-korner.site\/en\/wp-json\/wp\/v2\/product_brand?post=149"},{"taxonomy":"product_cat","embeddable":true,"href":"https:\/\/klydes-korner.site\/en\/wp-json\/wp\/v2\/product_cat?post=149"},{"taxonomy":"product_tag","embeddable":true,"href":"https:\/\/klydes-korner.site\/en\/wp-json\/wp\/v2\/product_tag?post=149"}],"curies":[{"name":"wp","href":"https:\/\/api.w.org\/{rel}","templated":true}]}}