{"id":3531,"date":"2024-08-16T19:45:01","date_gmt":"2024-08-16T17:45:01","guid":{"rendered":"https:\/\/klydes-korner.site\/?post_type=product&#038;p=3531"},"modified":"2026-04-19T07:14:05","modified_gmt":"2026-04-19T05:14:05","slug":"convertisseur-video-rgb-atari-2600-secam-v2","status":"publish","type":"product","link":"https:\/\/klydes-korner.site\/en\/product\/convertisseur-video-rgb-atari-2600-secam-v2\/","title":{"rendered":"Atari 2600 SECAM RGB video adapter V2"},"content":{"rendered":"<p class=\"translation-block\">A few years ago, <strong>Eddy Foucault<\/strong> invented a video converter for <strong>Atari 2600 SECAM version<\/strong>, which adds an RGB video output with a Scart socket to the console. This video adapter allows you to <strong>connect your Atari 2600 console to a modern TV set<\/strong> (LCD flat screen TV or recent video projector). If your TV or projector does not have a SCART socket but only HDMI, you will need a SCART to HDMI converter.<\/p>\n<p class=\"translation-block\">You can find his very well documented project on <a href=\"http:\/\/eddystoys.blogspot.com\/2014\/08\/atari-2600.html\" target=\"_blank\" rel=\"noopener\">his blog (FR)<\/a>, which I recommend, and you can find this converter for sale on the Klyde\u2019s Korner website: <a href=\"https:\/\/klydes-korner.site\/en\/product\/convertisseur-video-rgb-atari-2600-secam\/\" target=\"_self\">Atari 2600 SECAM RGB video adapter V1<\/a><\/p>\n<p class=\"translation-block\">Starting from his schematics, I created a new, more compact PCB <strong>that solders directly to the back of the Atari 2600 motherboard<\/strong>.<\/p>\n<figure id=\"attachment_3538\" aria-describedby=\"caption-attachment-3538\" style=\"width: 688px\" class=\"wp-caption aligncenter\"><img loading=\"lazy\" decoding=\"async\" class=\"wp-image-3538 size-large\" src=\"https:\/\/klydes-korner.site\/wp-content\/uploads\/2024\/08\/PCB-V2-1024x238.png\" alt=\"\" width=\"688\" height=\"160\" srcset=\"https:\/\/klydes-korner.site\/wp-content\/uploads\/2024\/08\/PCB-V2-1024x238.png 1024w, https:\/\/klydes-korner.site\/wp-content\/uploads\/2024\/08\/PCB-V2-300x70.png 300w, https:\/\/klydes-korner.site\/wp-content\/uploads\/2024\/08\/PCB-V2-768x178.png 768w, https:\/\/klydes-korner.site\/wp-content\/uploads\/2024\/08\/PCB-V2-18x4.png 18w, https:\/\/klydes-korner.site\/wp-content\/uploads\/2024\/08\/PCB-V2-600x139.png 600w, https:\/\/klydes-korner.site\/wp-content\/uploads\/2024\/08\/PCB-V2.png 1201w\" sizes=\"auto, (max-width: 688px) 100vw, 688px\" \/><figcaption id=\"caption-attachment-3538\" class=\"wp-caption-text\"><strong>PCB V2<\/strong><\/figcaption><\/figure>\n<figure id=\"attachment_3539\" aria-describedby=\"caption-attachment-3539\" style=\"width: 688px\" class=\"wp-caption aligncenter\"><img loading=\"lazy\" decoding=\"async\" class=\"wp-image-3539 size-large\" src=\"https:\/\/klydes-korner.site\/wp-content\/uploads\/2024\/08\/Atari-2600-SECAM-PCB-V2-mounted-e1723826942910-1024x304.jpg\" alt=\"\" width=\"688\" height=\"204\" srcset=\"https:\/\/klydes-korner.site\/wp-content\/uploads\/2024\/08\/Atari-2600-SECAM-PCB-V2-mounted-e1723826942910-1024x304.jpg 1024w, https:\/\/klydes-korner.site\/wp-content\/uploads\/2024\/08\/Atari-2600-SECAM-PCB-V2-mounted-e1723826942910-300x89.jpg 300w, https:\/\/klydes-korner.site\/wp-content\/uploads\/2024\/08\/Atari-2600-SECAM-PCB-V2-mounted-e1723826942910-768x228.jpg 768w, https:\/\/klydes-korner.site\/wp-content\/uploads\/2024\/08\/Atari-2600-SECAM-PCB-V2-mounted-e1723826942910-1536x456.jpg 1536w, https:\/\/klydes-korner.site\/wp-content\/uploads\/2024\/08\/Atari-2600-SECAM-PCB-V2-mounted-e1723826942910-18x5.jpg 18w, https:\/\/klydes-korner.site\/wp-content\/uploads\/2024\/08\/Atari-2600-SECAM-PCB-V2-mounted-e1723826942910-1600x475.jpg 1600w, https:\/\/klydes-korner.site\/wp-content\/uploads\/2024\/08\/Atari-2600-SECAM-PCB-V2-mounted-e1723826942910-600x178.jpg 600w, https:\/\/klydes-korner.site\/wp-content\/uploads\/2024\/08\/Atari-2600-SECAM-PCB-V2-mounted-e1723826942910.jpg 1999w\" sizes=\"auto, (max-width: 688px) 100vw, 688px\" \/><figcaption id=\"caption-attachment-3539\" class=\"wp-caption-text\"><strong>Atari 2600 SECAM with PCB V2 installed<\/strong><\/figcaption><\/figure>\n<hr \/>\n<p class=\"translation-block\"><strong><span style=\"color: #ff0000\">Warning<\/span>:<\/strong> This video converter works for <strong>Atari 2600 SECAM<\/strong> versions, but also <strong>PAL<\/strong> and potentially <strong>NTSC<\/strong>. But using this mod on a PAL console, such as the <strong>Atari 2600 Jr<\/strong>, you will only get <strong>a 8 color palette<\/strong>. Indeed, the Atari 2600 SECAM can only display 8 colors, against 104 for the PAL version and 128 for the NTSC version, hence \"fluorescent\" colors with the SECAM version. For more information read here: <a href=\"https:\/\/mechafatnick.co.uk\/2017\/09\/22\/the-secam-2600-was-a-thing-of-maligned-beauty\/\" target=\"_self\">https:\/\/mechafatnick.co.uk\/2017\/09\/22\/the-secam-2600-was-a-thing-of-maligned-beauty\/<\/a>\u00a0and here:\u00a0\u00a0<a href=\"http:\/\/spiceware.org\/atari_ntsc_pal_secam.html\" target=\"_self\">http:\/\/spiceware.org\/atari_ntsc_pal_secam.html<\/a><\/p>\n<hr \/>\n<p class=\"translation-block\">The PCB comes in two versions: <strong>SECAM and PAL version<\/strong> for the TIA CO11903 and UM6526P1, and <strong>NTSC version<\/strong> for the TIA CO10444D. You need to know what TIA version equips your Atari to order the right PCB. To do this, open your Atari 2600 and <strong>check the number on the TIA chip<\/strong>. If you are not sure or if your Atari 2600 PCB doesn't look like the one below, feel free to <a href=\"https:\/\/klydes-korner.site\/en\/me-contacter\/\" target=\"_self\">send me a message.<\/a><\/p>\n<figure id=\"attachment_3537\" aria-describedby=\"caption-attachment-3537\" style=\"width: 688px\" class=\"wp-caption aligncenter\"><img loading=\"lazy\" decoding=\"async\" class=\"wp-image-3537 size-large\" src=\"https:\/\/klydes-korner.site\/wp-content\/uploads\/2024\/08\/Atari-2600-SECAM-board-front-e1723826771580-1024x431.jpg\" alt=\"\" width=\"688\" height=\"290\" srcset=\"https:\/\/klydes-korner.site\/wp-content\/uploads\/2024\/08\/Atari-2600-SECAM-board-front-e1723826771580-1024x431.jpg 1024w, https:\/\/klydes-korner.site\/wp-content\/uploads\/2024\/08\/Atari-2600-SECAM-board-front-e1723826771580-300x126.jpg 300w, https:\/\/klydes-korner.site\/wp-content\/uploads\/2024\/08\/Atari-2600-SECAM-board-front-e1723826771580-768x324.jpg 768w, https:\/\/klydes-korner.site\/wp-content\/uploads\/2024\/08\/Atari-2600-SECAM-board-front-e1723826771580-1536x647.jpg 1536w, https:\/\/klydes-korner.site\/wp-content\/uploads\/2024\/08\/Atari-2600-SECAM-board-front-e1723826771580-2048x863.jpg 2048w, https:\/\/klydes-korner.site\/wp-content\/uploads\/2024\/08\/Atari-2600-SECAM-board-front-e1723826771580-18x8.jpg 18w, https:\/\/klydes-korner.site\/wp-content\/uploads\/2024\/08\/Atari-2600-SECAM-board-front-e1723826771580-1600x674.jpg 1600w, https:\/\/klydes-korner.site\/wp-content\/uploads\/2024\/08\/Atari-2600-SECAM-board-front-e1723826771580-600x253.jpg 600w\" sizes=\"auto, (max-width: 688px) 100vw, 688px\" \/><figcaption id=\"caption-attachment-3537\" class=\"wp-caption-text\"><strong>Atari 2600 SECAM with the TIA bordered in red. Here, a UM6526P1 version<\/strong><\/figcaption><\/figure>\n<table style=\"height: 141px; width: 35.4271%;\">\n<tbody>\n<tr>\n<th style=\"width: 34.1086%;\">TIA label<\/th>\n<th style=\"width: 34.8262%;\">Version to order<\/th>\n<\/tr>\n<tr>\n<td style=\"width: 34.1086%;\">CO11903<\/td>\n<td style=\"width: 34.8262%;\">PAL-SECAM<\/td>\n<\/tr>\n<tr>\n<td style=\"width: 34.1086%;\">UM6526P1<\/td>\n<td style=\"width: 34.8262%;\">PAL-SECAM<\/td>\n<\/tr>\n<tr>\n<td style=\"width: 34.1086%;\">CO10444D<\/td>\n<td style=\"width: 34.8262%;\">NTSC<\/td>\n<\/tr>\n<\/tbody>\n<\/table>\n<p class=\"translation-block\">The PCB comes with the components already mounted. In addition to soldering the PCB to the back of the motherboard, you will also need to solder wires between the PCB and the voltage regulator of your Atari 2600 console. <span style=\"color: #ff0000\">These operations are delicate<\/span> and not recommended for beginners in electronics.<\/p>\n<p>You will also need a SCART cable and socket for this assembly (not supplied).<\/p>\n<p>Assembly instructions are provided after purchase.<\/p>\n<table style=\"margin: 0 auto;\">\n<tbody>\n<tr style=\"border: none;\">\n<td style=\"width: 40%; padding: 0 0 12px 12px; border: none !important;\">RGB converter for Atari 2600 PAL-SECAM<\/td>\n<td style=\"width: 60%; padding: 0 0 12px 12px; border: none !important;\"><p class=\"product woocommerce add_to_cart_inline\" style=\"border:4px solid #ccc; padding: 12px;\"><span class=\"woocommerce-Price-amount amount\"><bdi>18,00<span class=\"woocommerce-Price-currencySymbol\">\u20ac<\/span><\/bdi><\/span><a href=\"https:\/\/klydes-korner.site\/en\/product\/convertisseur-video-rgb-atari-2600-secam-v2\/?attribute_version=PAL-SECAM&#038;variation_id=3541&#038;add-to-cart=3531\" aria-describedby=\"woocommerce_loop_add_to_cart_link_describedby_3541\" data-quantity=\"1\" class=\"button product_type_variation add_to_cart_button ajax_add_to_cart\" data-product_id=\"3541\" data-product_sku=\"\" aria-label=\"Add to cart: \u201cConvertisseur vid\u00e9o RGB Atari 2600 SECAM V2 - PAL-SECAM\u201d\" rel=\"nofollow\" data-success_message=\"\u201cConvertisseur vid\u00e9o RGB Atari 2600 SECAM V2&lt;span&gt; - &lt;\/span&gt;PAL-SECAM\u201d has been added to your basket\" role=\"button\" data-no-translation=\"\" data-trp-gettext=\"\" data-no-translation-aria-label=\"\" data-no-translation-data-success_message=\"\">Add to cart<\/a>\t<span id=\"woocommerce_loop_add_to_cart_link_describedby_3541\" class=\"screen-reader-text\">\n\t\t\t<\/span>\n<\/p><\/td>\n<\/tr>\n<tr style=\"height: 41px; border-style: none;\">\n<td style=\"width: 40%; padding: 0 0 12px 12px; border: none !important;\">RGB converter for Atari 2600 NTSC<\/td>\n<td style=\"width: 60%; padding: 0 0 12px 12px; border: none !important;\"><p class=\"product woocommerce add_to_cart_inline\" style=\"border:4px solid #ccc; padding: 12px;\"><span class=\"woocommerce-Price-amount amount\"><bdi>18,00<span class=\"woocommerce-Price-currencySymbol\">\u20ac<\/span><\/bdi><\/span><a href=\"https:\/\/klydes-korner.site\/en\/product\/convertisseur-video-rgb-atari-2600-secam-v2\/?attribute_version=NTSC&#038;variation_id=3542&#038;add-to-cart=3531\" aria-describedby=\"woocommerce_loop_add_to_cart_link_describedby_3542\" data-quantity=\"1\" class=\"button product_type_variation add_to_cart_button ajax_add_to_cart\" data-product_id=\"3542\" data-product_sku=\"\" aria-label=\"Add to cart: \u201cConvertisseur vid\u00e9o RGB Atari 2600 SECAM V2 - NTSC\u201d\" rel=\"nofollow\" data-success_message=\"\u201cConvertisseur vid\u00e9o RGB Atari 2600 SECAM V2&lt;span&gt; - &lt;\/span&gt;NTSC\u201d has been added to your basket\" role=\"button\" data-no-translation=\"\" data-trp-gettext=\"\" data-no-translation-aria-label=\"\" data-no-translation-data-success_message=\"\">Add to cart<\/a>\t<span id=\"woocommerce_loop_add_to_cart_link_describedby_3542\" class=\"screen-reader-text\">\n\t\t\t<\/span>\n<\/p><\/td>\n<\/tr>\n<\/tbody>\n<\/table>\n<p style=\"text-align: center;\">","protected":false},"excerpt":{"rendered":"<p>This assembled video converter for the Atari 2600 SECAM V2 adds an RGB video output through a SCART socket to the console, to play the Atari 2600 on a modern TV set.<\/p>","protected":false},"featured_media":3540,"comment_status":"open","ping_status":"closed","template":"","meta":[],"product_brand":[],"product_cat":[19],"product_tag":[88],"class_list":{"0":"post-3531","1":"product","2":"type-product","3":"status-publish","4":"has-post-thumbnail","6":"product_cat-atari-2600","7":"product_tag-atari-2600","9":"first","10":"instock","11":"featured","12":"shipping-taxable","13":"purchasable","14":"product-type-variable"},"yoast_head":"<!-- This site is optimized with the Yoast SEO plugin v27.4 - https:\/\/yoast.com\/product\/yoast-seo-wordpress\/ -->\n<title>Convertisseur vid\u00e9o RGB Atari 2600 SECAM V2 - Klyde&#039;s Korner<\/title>\n<meta name=\"robots\" content=\"index, follow, max-snippet:-1, max-image-preview:large, max-video-preview:-1\" \/>\n<link rel=\"canonical\" href=\"https:\/\/klydes-korner.site\/en\/product\/convertisseur-video-rgb-atari-2600-secam-v2\/\" \/>\n<meta property=\"og:locale\" content=\"en_GB\" \/>\n<meta property=\"og:type\" content=\"article\" \/>\n<meta property=\"og:title\" content=\"Convertisseur vid\u00e9o RGB Atari 2600 SECAM V2 - Klyde&#039;s Korner\" \/>\n<meta property=\"og:description\" content=\"Ce convertisseur vid\u00e9o d\u00e9j\u00e0 mont\u00e9 pour Atari 2600 V2 ajoute une sortie vid\u00e9o RGB avec prise p\u00e9ritel pour jouer \u00e0 l\u2019Atari 2600 sur une TV r\u00e9cente.\" \/>\n<meta property=\"og:url\" content=\"https:\/\/klydes-korner.site\/en\/product\/convertisseur-video-rgb-atari-2600-secam-v2\/\" \/>\n<meta property=\"og:site_name\" content=\"Klyde&#039;s Korner\" \/>\n<meta property=\"article:modified_time\" content=\"2026-04-19T05:14:05+00:00\" \/>\n<meta property=\"og:image\" content=\"https:\/\/klydes-korner.site\/wp-content\/uploads\/2024\/08\/PCB-V2-monte-e1723828939592.jpg\" \/>\n\t<meta property=\"og:image:width\" content=\"1075\" \/>\n\t<meta property=\"og:image:height\" content=\"348\" \/>\n\t<meta property=\"og:image:type\" content=\"image\/jpeg\" \/>\n<meta name=\"twitter:card\" content=\"summary_large_image\" \/>\n<meta name=\"twitter:label1\" content=\"Estimated reading time\" \/>\n\t<meta name=\"twitter:data1\" content=\"3 minutes\" \/>\n<script type=\"application\/ld+json\" class=\"yoast-schema-graph\">{\"@context\":\"https:\\\/\\\/schema.org\",\"@graph\":[{\"@type\":\"WebPage\",\"@id\":\"https:\\\/\\\/klydes-korner.site\\\/produit\\\/convertisseur-video-rgb-atari-2600-secam-v2\\\/\",\"url\":\"https:\\\/\\\/klydes-korner.site\\\/produit\\\/convertisseur-video-rgb-atari-2600-secam-v2\\\/\",\"name\":\"Convertisseur vid\u00e9o RGB Atari 2600 SECAM V2 - Klyde&#039;s Korner\",\"isPartOf\":{\"@id\":\"https:\\\/\\\/klydes-korner.site\\\/#website\"},\"primaryImageOfPage\":{\"@id\":\"https:\\\/\\\/klydes-korner.site\\\/produit\\\/convertisseur-video-rgb-atari-2600-secam-v2\\\/#primaryimage\"},\"image\":{\"@id\":\"https:\\\/\\\/klydes-korner.site\\\/produit\\\/convertisseur-video-rgb-atari-2600-secam-v2\\\/#primaryimage\"},\"thumbnailUrl\":\"https:\\\/\\\/klydes-korner.site\\\/wp-content\\\/uploads\\\/2024\\\/08\\\/PCB-V2-monte-e1723828939592.jpg\",\"datePublished\":\"2024-08-16T17:45:01+00:00\",\"dateModified\":\"2026-04-19T05:14:05+00:00\",\"breadcrumb\":{\"@id\":\"https:\\\/\\\/klydes-korner.site\\\/produit\\\/convertisseur-video-rgb-atari-2600-secam-v2\\\/#breadcrumb\"},\"inLanguage\":\"en-GB\",\"potentialAction\":[{\"@type\":\"ReadAction\",\"target\":[\"https:\\\/\\\/klydes-korner.site\\\/produit\\\/convertisseur-video-rgb-atari-2600-secam-v2\\\/\"]}]},{\"@type\":\"ImageObject\",\"inLanguage\":\"en-GB\",\"@id\":\"https:\\\/\\\/klydes-korner.site\\\/produit\\\/convertisseur-video-rgb-atari-2600-secam-v2\\\/#primaryimage\",\"url\":\"https:\\\/\\\/klydes-korner.site\\\/wp-content\\\/uploads\\\/2024\\\/08\\\/PCB-V2-monte-e1723828939592.jpg\",\"contentUrl\":\"https:\\\/\\\/klydes-korner.site\\\/wp-content\\\/uploads\\\/2024\\\/08\\\/PCB-V2-monte-e1723828939592.jpg\",\"width\":1075,\"height\":348},{\"@type\":\"BreadcrumbList\",\"@id\":\"https:\\\/\\\/klydes-korner.site\\\/produit\\\/convertisseur-video-rgb-atari-2600-secam-v2\\\/#breadcrumb\",\"itemListElement\":[{\"@type\":\"ListItem\",\"position\":1,\"name\":\"Accueil\",\"item\":\"https:\\\/\\\/klydes-korner.site\\\/\"},{\"@type\":\"ListItem\",\"position\":2,\"name\":\"Accessoires pour ordinateurs 8 et 16-bit\",\"item\":\"https:\\\/\\\/klydes-korner.site\\\/\"},{\"@type\":\"ListItem\",\"position\":3,\"name\":\"Convertisseur vid\u00e9o RGB Atari 2600 SECAM V2\"}]},{\"@type\":\"WebSite\",\"@id\":\"https:\\\/\\\/klydes-korner.site\\\/#website\",\"url\":\"https:\\\/\\\/klydes-korner.site\\\/\",\"name\":\"Klyde's Korner\",\"description\":\"Atari 2600, Atari 8-bit, Atari ST &amp; other vintage computer stuff\",\"publisher\":{\"@id\":\"https:\\\/\\\/klydes-korner.site\\\/#\\\/schema\\\/person\\\/50d149a0995ca51df71deb7f36dd7dcd\"},\"potentialAction\":[{\"@type\":\"SearchAction\",\"target\":{\"@type\":\"EntryPoint\",\"urlTemplate\":\"https:\\\/\\\/klydes-korner.site\\\/?s={search_term_string}\"},\"query-input\":{\"@type\":\"PropertyValueSpecification\",\"valueRequired\":true,\"valueName\":\"search_term_string\"}}],\"inLanguage\":\"en-GB\"},{\"@type\":[\"Person\",\"Organization\"],\"@id\":\"https:\\\/\\\/klydes-korner.site\\\/#\\\/schema\\\/person\\\/50d149a0995ca51df71deb7f36dd7dcd\",\"name\":\"Klyde\",\"image\":{\"@type\":\"ImageObject\",\"inLanguage\":\"en-GB\",\"@id\":\"https:\\\/\\\/klydes-korner.site\\\/wp-content\\\/uploads\\\/2025\\\/01\\\/atari-cx40-joystick-512x512-1.png\",\"url\":\"https:\\\/\\\/klydes-korner.site\\\/wp-content\\\/uploads\\\/2025\\\/01\\\/atari-cx40-joystick-512x512-1.png\",\"contentUrl\":\"https:\\\/\\\/klydes-korner.site\\\/wp-content\\\/uploads\\\/2025\\\/01\\\/atari-cx40-joystick-512x512-1.png\",\"width\":512,\"height\":512,\"caption\":\"Klyde\"},\"logo\":{\"@id\":\"https:\\\/\\\/klydes-korner.site\\\/wp-content\\\/uploads\\\/2025\\\/01\\\/atari-cx40-joystick-512x512-1.png\"}}]}<\/script>\n<!-- \/ Yoast SEO plugin. -->","yoast_head_json":{"title":"Convertisseur vid\u00e9o RGB Atari 2600 SECAM V2 - Klyde&#039;s Korner","robots":{"index":"index","follow":"follow","max-snippet":"max-snippet:-1","max-image-preview":"max-image-preview:large","max-video-preview":"max-video-preview:-1"},"canonical":"https:\/\/klydes-korner.site\/en\/product\/convertisseur-video-rgb-atari-2600-secam-v2\/","og_locale":"en_GB","og_type":"article","og_title":"Convertisseur vid\u00e9o RGB Atari 2600 SECAM V2 - Klyde&#039;s Korner","og_description":"Ce convertisseur vid\u00e9o d\u00e9j\u00e0 mont\u00e9 pour Atari 2600 V2 ajoute une sortie vid\u00e9o RGB avec prise p\u00e9ritel pour jouer \u00e0 l\u2019Atari 2600 sur une TV r\u00e9cente.","og_url":"https:\/\/klydes-korner.site\/en\/product\/convertisseur-video-rgb-atari-2600-secam-v2\/","og_site_name":"Klyde&#039;s Korner","article_modified_time":"2026-04-19T05:14:05+00:00","og_image":[{"width":1075,"height":348,"url":"https:\/\/klydes-korner.site\/wp-content\/uploads\/2024\/08\/PCB-V2-monte-e1723828939592.jpg","type":"image\/jpeg"}],"twitter_card":"summary_large_image","twitter_misc":{"Estimated reading time":"3 minutes"},"schema":{"@context":"https:\/\/schema.org","@graph":[{"@type":"WebPage","@id":"https:\/\/klydes-korner.site\/produit\/convertisseur-video-rgb-atari-2600-secam-v2\/","url":"https:\/\/klydes-korner.site\/produit\/convertisseur-video-rgb-atari-2600-secam-v2\/","name":"Convertisseur vid\u00e9o RGB Atari 2600 SECAM V2 - Klyde&#039;s Korner","isPartOf":{"@id":"https:\/\/klydes-korner.site\/#website"},"primaryImageOfPage":{"@id":"https:\/\/klydes-korner.site\/produit\/convertisseur-video-rgb-atari-2600-secam-v2\/#primaryimage"},"image":{"@id":"https:\/\/klydes-korner.site\/produit\/convertisseur-video-rgb-atari-2600-secam-v2\/#primaryimage"},"thumbnailUrl":"https:\/\/klydes-korner.site\/wp-content\/uploads\/2024\/08\/PCB-V2-monte-e1723828939592.jpg","datePublished":"2024-08-16T17:45:01+00:00","dateModified":"2026-04-19T05:14:05+00:00","breadcrumb":{"@id":"https:\/\/klydes-korner.site\/produit\/convertisseur-video-rgb-atari-2600-secam-v2\/#breadcrumb"},"inLanguage":"en-GB","potentialAction":[{"@type":"ReadAction","target":["https:\/\/klydes-korner.site\/produit\/convertisseur-video-rgb-atari-2600-secam-v2\/"]}]},{"@type":"ImageObject","inLanguage":"en-GB","@id":"https:\/\/klydes-korner.site\/produit\/convertisseur-video-rgb-atari-2600-secam-v2\/#primaryimage","url":"https:\/\/klydes-korner.site\/wp-content\/uploads\/2024\/08\/PCB-V2-monte-e1723828939592.jpg","contentUrl":"https:\/\/klydes-korner.site\/wp-content\/uploads\/2024\/08\/PCB-V2-monte-e1723828939592.jpg","width":1075,"height":348},{"@type":"BreadcrumbList","@id":"https:\/\/klydes-korner.site\/produit\/convertisseur-video-rgb-atari-2600-secam-v2\/#breadcrumb","itemListElement":[{"@type":"ListItem","position":1,"name":"Accueil","item":"https:\/\/klydes-korner.site\/"},{"@type":"ListItem","position":2,"name":"Accessoires pour ordinateurs 8 et 16-bit","item":"https:\/\/klydes-korner.site\/"},{"@type":"ListItem","position":3,"name":"Convertisseur vid\u00e9o RGB Atari 2600 SECAM V2"}]},{"@type":"WebSite","@id":"https:\/\/klydes-korner.site\/#website","url":"https:\/\/klydes-korner.site\/","name":"Klyde's Korner","description":"Atari 2600, Atari 8-bit, Atari ST &amp; other vintage computer stuff","publisher":{"@id":"https:\/\/klydes-korner.site\/#\/schema\/person\/50d149a0995ca51df71deb7f36dd7dcd"},"potentialAction":[{"@type":"SearchAction","target":{"@type":"EntryPoint","urlTemplate":"https:\/\/klydes-korner.site\/?s={search_term_string}"},"query-input":{"@type":"PropertyValueSpecification","valueRequired":true,"valueName":"search_term_string"}}],"inLanguage":"en-GB"},{"@type":["Person","Organization"],"@id":"https:\/\/klydes-korner.site\/#\/schema\/person\/50d149a0995ca51df71deb7f36dd7dcd","name":"Klyde","image":{"@type":"ImageObject","inLanguage":"en-GB","@id":"https:\/\/klydes-korner.site\/wp-content\/uploads\/2025\/01\/atari-cx40-joystick-512x512-1.png","url":"https:\/\/klydes-korner.site\/wp-content\/uploads\/2025\/01\/atari-cx40-joystick-512x512-1.png","contentUrl":"https:\/\/klydes-korner.site\/wp-content\/uploads\/2025\/01\/atari-cx40-joystick-512x512-1.png","width":512,"height":512,"caption":"Klyde"},"logo":{"@id":"https:\/\/klydes-korner.site\/wp-content\/uploads\/2025\/01\/atari-cx40-joystick-512x512-1.png"}}]}},"_links":{"self":[{"href":"https:\/\/klydes-korner.site\/en\/wp-json\/wp\/v2\/product\/3531","targetHints":{"allow":["GET"]}}],"collection":[{"href":"https:\/\/klydes-korner.site\/en\/wp-json\/wp\/v2\/product"}],"about":[{"href":"https:\/\/klydes-korner.site\/en\/wp-json\/wp\/v2\/types\/product"}],"replies":[{"embeddable":true,"href":"https:\/\/klydes-korner.site\/en\/wp-json\/wp\/v2\/comments?post=3531"}],"wp:featuredmedia":[{"embeddable":true,"href":"https:\/\/klydes-korner.site\/en\/wp-json\/wp\/v2\/media\/3540"}],"wp:attachment":[{"href":"https:\/\/klydes-korner.site\/en\/wp-json\/wp\/v2\/media?parent=3531"}],"wp:term":[{"taxonomy":"product_brand","embeddable":true,"href":"https:\/\/klydes-korner.site\/en\/wp-json\/wp\/v2\/product_brand?post=3531"},{"taxonomy":"product_cat","embeddable":true,"href":"https:\/\/klydes-korner.site\/en\/wp-json\/wp\/v2\/product_cat?post=3531"},{"taxonomy":"product_tag","embeddable":true,"href":"https:\/\/klydes-korner.site\/en\/wp-json\/wp\/v2\/product_tag?post=3531"}],"curies":[{"name":"wp","href":"https:\/\/api.w.org\/{rel}","templated":true}]}}